{"id":7,"date":"2025-12-31T16:17:52","date_gmt":"2025-12-31T16:17:52","guid":{"rendered":"https:\/\/lamateriaesencial.es\/?page_id=7"},"modified":"2026-04-17T10:22:20","modified_gmt":"2026-04-17T10:22:20","slug":"bio","status":"publish","type":"page","link":"https:\/\/lamateriaesencial.es\/en\/bio\/","title":{"rendered":"BiO"},"content":{"rendered":"<div data-elementor-type=\"wp-page\" data-elementor-id=\"7\" class=\"elementor elementor-7\" data-elementor-post-type=\"page\">\n\t\t\t\t<div class=\"elementor-element elementor-element-e55d51f e-flex e-con-boxed e-con e-parent\" data-id=\"e55d51f\" data-element_type=\"container\" data-e-type=\"container\">\n\t\t\t\t\t<div class=\"e-con-inner\">\n\t\t<div class=\"elementor-element elementor-element-733e822 e-con-full e-flex e-con e-child\" data-id=\"733e822\" data-element_type=\"container\" data-e-type=\"container\">\n\t\t\t\t<div class=\"elementor-element elementor-element-0b17f0e animated-slow elementor-invisible elementor-widget elementor-widget-image\" data-id=\"0b17f0e\" data-element_type=\"widget\" data-e-type=\"widget\" data-settings=\"{&quot;_animation&quot;:&quot;fadeInLeft&quot;}\" data-widget_type=\"image.default\">\n\t\t\t\t\t\t\t\t\t\t\t\t\t\t\t<img fetchpriority=\"high\" decoding=\"async\" width=\"768\" height=\"974\" src=\"https:\/\/lamateriaesencial.es\/wp-content\/uploads\/2026\/04\/3.jpg\" class=\"attachment-full size-full wp-image-402\" alt=\"\" srcset=\"https:\/\/lamateriaesencial.es\/wp-content\/uploads\/2026\/04\/3.jpg 768w, https:\/\/lamateriaesencial.es\/wp-content\/uploads\/2026\/04\/3-237x300.jpg 237w, https:\/\/lamateriaesencial.es\/wp-content\/uploads\/2026\/04\/3-9x12.jpg 9w\" sizes=\"(max-width: 768px) 100vw, 768px\" \/>\t\t\t\t\t\t\t\t\t\t\t\t\t\t\t<\/div>\n\t\t\t\t<\/div>\n\t\t<div class=\"elementor-element elementor-element-76efdff e-con-full e-flex e-con e-child\" data-id=\"76efdff\" data-element_type=\"container\" data-e-type=\"container\">\n\t\t\t\t<div class=\"elementor-element elementor-element-24faccf elementor-widget__width-initial elementor-widget-tablet__width-inherit elementor-widget-laptop__width-initial elementor-widget elementor-widget-text-editor\" data-id=\"24faccf\" data-element_type=\"widget\" data-e-type=\"widget\" data-widget_type=\"text-editor.default\">\n\t\t\t\t\t\t\t\t\t<p><strong>l<\/strong>a_<strong>m<\/strong>ateria__<strong>e<\/strong>sencial \u00a0es un espacio art\u00edstico donde vuelco mis inquietudes creativas en paralelo con mi estudio de arquitectura.<br \/><br \/><\/p><p>Mi pasi\u00f3n por el arte y la moda me impulsan a crear este lugar como un territorio de exploraci\u00f3n donde ambos se entrecruzan.<br \/><br \/><\/p><p>El v\u00ednculo con el textil surge durante mi formaci\u00f3n en arquitectura a trav\u00e9s de peque\u00f1os collages realizados con fieltro y cuerdas. Mas tarde, mi experiencia dando clases de moda sostenible, aumenta mi atenci\u00f3n hacia las posibilidades expresivas de los materiales reciclados y t\u00e9cnicas artesanales.<br \/><br \/><\/p><p>A trav\u00e9s del color, la forma y la textura, trabajo con maderas, textiles y elementos recuperados, resignific\u00e1ndolos mediante procesos que nos revelan LA MATERIA ESENCIAL de la que est\u00e1n hechos y nos permiten descubrir la belleza escondida bajo lo visible.<br \/><br \/><\/p><p><strong>l<\/strong>aura <strong>m<\/strong>artin-<strong>e<\/strong>scanciano\u00a0<\/p>\t\t\t\t\t\t\t\t<\/div>\n\t\t\t\t<\/div>\n\t\t\t\t\t<\/div>\n\t\t\t\t<\/div>\n\t\t\t\t<\/div>","protected":false},"excerpt":{"rendered":"<p>la_materia__esencial \u00a0es un espacio art\u00edstico donde vuelco mis inquietudes creativas en paralelo con mi estudio de arquitectura. Mi pasi\u00f3n por el arte y la moda me impulsan a crear este lugar como un territorio de exploraci\u00f3n donde ambos se entrecruzan. El v\u00ednculo con el textil surge durante mi formaci\u00f3n en arquitectura a trav\u00e9s de peque\u00f1os [&hellip;]<\/p>\n","protected":false},"author":1,"featured_media":0,"parent":0,"menu_order":0,"comment_status":"closed","ping_status":"closed","template":"","meta":{"_acf_changed":false,"footnotes":""},"class_list":["post-7","page","type-page","status-publish","hentry"],"acf":[],"_links":{"self":[{"href":"https:\/\/lamateriaesencial.es\/en\/wp-json\/wp\/v2\/pages\/7","targetHints":{"allow":["GET"]}}],"collection":[{"href":"https:\/\/lamateriaesencial.es\/en\/wp-json\/wp\/v2\/pages"}],"about":[{"href":"https:\/\/lamateriaesencial.es\/en\/wp-json\/wp\/v2\/types\/page"}],"author":[{"embeddable":true,"href":"https:\/\/lamateriaesencial.es\/en\/wp-json\/wp\/v2\/users\/1"}],"replies":[{"embeddable":true,"href":"https:\/\/lamateriaesencial.es\/en\/wp-json\/wp\/v2\/comments?post=7"}],"version-history":[{"count":116,"href":"https:\/\/lamateriaesencial.es\/en\/wp-json\/wp\/v2\/pages\/7\/revisions"}],"predecessor-version":[{"id":577,"href":"https:\/\/lamateriaesencial.es\/en\/wp-json\/wp\/v2\/pages\/7\/revisions\/577"}],"wp:attachment":[{"href":"https:\/\/lamateriaesencial.es\/en\/wp-json\/wp\/v2\/media?parent=7"}],"curies":[{"name":"wp","href":"https:\/\/api.w.org\/{rel}","templated":true}]}}