{"id":414,"date":"2026-04-08T12:48:32","date_gmt":"2026-04-08T12:48:32","guid":{"rendered":"https:\/\/lamateriaesencial.es\/?page_id=414"},"modified":"2026-04-21T13:12:25","modified_gmt":"2026-04-21T13:12:25","slug":"textil","status":"publish","type":"page","link":"https:\/\/lamateriaesencial.es\/en\/textil\/","title":{"rendered":"Textil"},"content":{"rendered":"<div data-elementor-type=\"wp-page\" data-elementor-id=\"414\" class=\"elementor elementor-414\" data-elementor-post-type=\"page\">\n\t\t\t\t<div class=\"elementor-element elementor-element-d04e463 e-flex e-con-boxed e-con e-parent\" data-id=\"d04e463\" data-element_type=\"container\" data-e-type=\"container\">\n\t\t\t\t\t<div class=\"e-con-inner\">\n\t\t<div class=\"elementor-element elementor-element-708e84f e-grid e-con-full e-con e-child\" data-id=\"708e84f\" data-element_type=\"container\" data-e-type=\"container\">\n\t\t<div class=\"elementor-element elementor-element-915605d e-con-full e-flex e-con e-child\" data-id=\"915605d\" data-element_type=\"container\" data-e-type=\"container\">\n\t\t\t\t<div class=\"elementor-element elementor-element-56b4728 animated-slow elementor-invisible elementor-widget elementor-widget-image\" data-id=\"56b4728\" data-element_type=\"widget\" data-e-type=\"widget\" data-settings=\"{&quot;_animation&quot;:&quot;fadeInLeft&quot;}\" data-widget_type=\"image.default\">\n\t\t\t\t\t\t\t\t\t\t\t\t\t\t\t<img fetchpriority=\"high\" decoding=\"async\" width=\"2275\" height=\"2275\" src=\"https:\/\/lamateriaesencial.es\/wp-content\/uploads\/2026\/04\/TEXTIL-III-C.jpg\" class=\"attachment-full size-full wp-image-428\" alt=\"\" srcset=\"https:\/\/lamateriaesencial.es\/wp-content\/uploads\/2026\/04\/TEXTIL-III-C.jpg 2275w, https:\/\/lamateriaesencial.es\/wp-content\/uploads\/2026\/04\/TEXTIL-III-C-300x300.jpg 300w, https:\/\/lamateriaesencial.es\/wp-content\/uploads\/2026\/04\/TEXTIL-III-C-1024x1024.jpg 1024w, https:\/\/lamateriaesencial.es\/wp-content\/uploads\/2026\/04\/TEXTIL-III-C-150x150.jpg 150w, https:\/\/lamateriaesencial.es\/wp-content\/uploads\/2026\/04\/TEXTIL-III-C-768x768.jpg 768w, https:\/\/lamateriaesencial.es\/wp-content\/uploads\/2026\/04\/TEXTIL-III-C-1536x1536.jpg 1536w, https:\/\/lamateriaesencial.es\/wp-content\/uploads\/2026\/04\/TEXTIL-III-C-2048x2048.jpg 2048w, https:\/\/lamateriaesencial.es\/wp-content\/uploads\/2026\/04\/TEXTIL-III-C-12x12.jpg 12w\" sizes=\"(max-width: 2275px) 100vw, 2275px\" \/>\t\t\t\t\t\t\t\t\t\t\t\t\t\t\t<\/div>\n\t\t\t\t<\/div>\n\t\t<div class=\"elementor-element elementor-element-62d5f64 e-con-full e-flex e-con e-child\" data-id=\"62d5f64\" data-element_type=\"container\" data-e-type=\"container\">\n\t\t\t\t<div class=\"elementor-element elementor-element-94c8221 elementor-widget elementor-widget-heading\" data-id=\"94c8221\" data-element_type=\"widget\" data-e-type=\"widget\" data-widget_type=\"heading.default\">\n\t\t\t\t\t<h1 class=\"elementor-heading-title elementor-size-default\">TeXTiL<\/h1>\t\t\t\t<\/div>\n\t\t\t\t<\/div>\n\t\t\t\t<\/div>\n\t\t<div class=\"elementor-element elementor-element-a827e6f e-grid e-con-full e-con e-child\" data-id=\"a827e6f\" data-element_type=\"container\" data-e-type=\"container\">\n\t\t<div class=\"elementor-element elementor-element-7cca076 e-con-full animated-slow e-flex elementor-invisible e-con e-child\" data-id=\"7cca076\" data-element_type=\"container\" data-e-type=\"container\" data-settings=\"{&quot;animation&quot;:&quot;fadeInLeft&quot;,&quot;animation_delay&quot;:300}\">\n\t\t\t\t<div class=\"elementor-element elementor-element-eaf89dd elementor-widget__width-initial elementor-widget elementor-widget-image\" data-id=\"eaf89dd\" data-element_type=\"widget\" data-e-type=\"widget\" data-widget_type=\"image.default\">\n\t\t\t\t\t\t\t\t\t\t\t\t\t\t\t<img decoding=\"async\" width=\"2464\" height=\"1968\" src=\"https:\/\/lamateriaesencial.es\/wp-content\/uploads\/2026\/04\/IMG_47858.jpg\" class=\"attachment-full size-full wp-image-433\" alt=\"\" srcset=\"https:\/\/lamateriaesencial.es\/wp-content\/uploads\/2026\/04\/IMG_47858.jpg 2464w, https:\/\/lamateriaesencial.es\/wp-content\/uploads\/2026\/04\/IMG_47858-300x240.jpg 300w, https:\/\/lamateriaesencial.es\/wp-content\/uploads\/2026\/04\/IMG_47858-1024x818.jpg 1024w, https:\/\/lamateriaesencial.es\/wp-content\/uploads\/2026\/04\/IMG_47858-768x613.jpg 768w, https:\/\/lamateriaesencial.es\/wp-content\/uploads\/2026\/04\/IMG_47858-1536x1227.jpg 1536w, https:\/\/lamateriaesencial.es\/wp-content\/uploads\/2026\/04\/IMG_47858-2048x1636.jpg 2048w, https:\/\/lamateriaesencial.es\/wp-content\/uploads\/2026\/04\/IMG_47858-15x12.jpg 15w\" sizes=\"(max-width: 2464px) 100vw, 2464px\" \/>\t\t\t\t\t\t\t\t\t\t\t\t\t\t\t<\/div>\n\t\t\t\t<\/div>\n\t\t<div class=\"elementor-element elementor-element-8e53e64 e-con-full e-flex e-con e-child\" data-id=\"8e53e64\" data-element_type=\"container\" data-e-type=\"container\">\n\t\t\t\t<div class=\"elementor-element elementor-element-2b71a8f elementor-widget__width-initial elementor-widget-tablet__width-inherit elementor-widget elementor-widget-text-editor\" data-id=\"2b71a8f\" data-element_type=\"widget\" data-e-type=\"widget\" data-widget_type=\"text-editor.default\">\n\t\t\t\t\t\t\t\t\t<p>Exploraci\u00f3n sobre las posibilidades de esta materia.<\/p>\t\t\t\t\t\t\t\t<\/div>\n\t\t\t\t<\/div>\n\t\t\t\t<\/div>\n\t\t<div class=\"elementor-element elementor-element-546a4a7 e-con-full e-flex e-con e-child\" data-id=\"546a4a7\" data-element_type=\"container\" data-e-type=\"container\">\n\t\t<div class=\"elementor-element elementor-element-1a0163e e-grid e-con-full e-con e-child\" data-id=\"1a0163e\" data-element_type=\"container\" data-e-type=\"container\">\n\t\t\t\t<div class=\"elementor-element elementor-element-dc37366 animated-slow elementor-invisible elementor-widget elementor-widget-image\" data-id=\"dc37366\" data-element_type=\"widget\" data-e-type=\"widget\" data-settings=\"{&quot;_animation&quot;:&quot;fadeInUp&quot;,&quot;_animation_delay&quot;:200}\" data-widget_type=\"image.default\">\n\t\t\t\t\t\t\t\t\t\t\t\t\t\t\t<img decoding=\"async\" width=\"1920\" height=\"2560\" src=\"https:\/\/lamateriaesencial.es\/wp-content\/uploads\/2026\/04\/IMG_4790-scaled.jpg\" class=\"attachment-full size-full wp-image-435\" alt=\"\" srcset=\"https:\/\/lamateriaesencial.es\/wp-content\/uploads\/2026\/04\/IMG_4790-scaled.jpg 1920w, https:\/\/lamateriaesencial.es\/wp-content\/uploads\/2026\/04\/IMG_4790-225x300.jpg 225w, https:\/\/lamateriaesencial.es\/wp-content\/uploads\/2026\/04\/IMG_4790-768x1024.jpg 768w, https:\/\/lamateriaesencial.es\/wp-content\/uploads\/2026\/04\/IMG_4790-1152x1536.jpg 1152w, https:\/\/lamateriaesencial.es\/wp-content\/uploads\/2026\/04\/IMG_4790-1536x2048.jpg 1536w, https:\/\/lamateriaesencial.es\/wp-content\/uploads\/2026\/04\/IMG_4790-9x12.jpg 9w\" sizes=\"(max-width: 1920px) 100vw, 1920px\" \/>\t\t\t\t\t\t\t\t\t\t\t\t\t\t\t<\/div>\n\t\t\t\t<div class=\"elementor-element elementor-element-4c247b5 animated-slow elementor-invisible elementor-widget elementor-widget-image\" data-id=\"4c247b5\" data-element_type=\"widget\" data-e-type=\"widget\" data-settings=\"{&quot;_animation&quot;:&quot;fadeInUp&quot;,&quot;_animation_delay&quot;:300}\" data-widget_type=\"image.default\">\n\t\t\t\t\t\t\t\t\t\t\t\t\t\t\t<img loading=\"lazy\" decoding=\"async\" width=\"1920\" height=\"2560\" src=\"https:\/\/lamateriaesencial.es\/wp-content\/uploads\/2026\/04\/IMG_4795-scaled.jpg\" class=\"attachment-full size-full wp-image-434\" alt=\"\" srcset=\"https:\/\/lamateriaesencial.es\/wp-content\/uploads\/2026\/04\/IMG_4795-scaled.jpg 1920w, https:\/\/lamateriaesencial.es\/wp-content\/uploads\/2026\/04\/IMG_4795-225x300.jpg 225w, https:\/\/lamateriaesencial.es\/wp-content\/uploads\/2026\/04\/IMG_4795-768x1024.jpg 768w, https:\/\/lamateriaesencial.es\/wp-content\/uploads\/2026\/04\/IMG_4795-1152x1536.jpg 1152w, https:\/\/lamateriaesencial.es\/wp-content\/uploads\/2026\/04\/IMG_4795-1536x2048.jpg 1536w, https:\/\/lamateriaesencial.es\/wp-content\/uploads\/2026\/04\/IMG_4795-9x12.jpg 9w\" sizes=\"(max-width: 1920px) 100vw, 1920px\" \/>\t\t\t\t\t\t\t\t\t\t\t\t\t\t\t<\/div>\n\t\t\t\t<\/div>\n\t\t\t\t<div class=\"elementor-element elementor-element-c521c4b elementor-widget__width-initial elementor-widget-tablet__width-inherit elementor-widget elementor-widget-text-editor\" data-id=\"c521c4b\" data-element_type=\"widget\" data-e-type=\"widget\" data-widget_type=\"text-editor.default\">\n\t\t\t\t\t\t\t\t\t<p>Fragmentos que alguna vez fueron residuo o descarte.<\/p>\t\t\t\t\t\t\t\t<\/div>\n\t\t\t\t<\/div>\n\t\t<div class=\"elementor-element elementor-element-df4aa2b e-con-full e-flex e-con e-child\" data-id=\"df4aa2b\" data-element_type=\"container\" data-e-type=\"container\">\n\t\t<div class=\"elementor-element elementor-element-7f4a32a e-grid e-con-full e-con e-child\" data-id=\"7f4a32a\" data-element_type=\"container\" data-e-type=\"container\">\n\t\t<div class=\"elementor-element elementor-element-f7f8b2a e-con-full e-flex e-con e-child\" data-id=\"f7f8b2a\" data-element_type=\"container\" data-e-type=\"container\">\n\t\t\t\t<div class=\"elementor-element elementor-element-bf7c5f9 elementor-widget__width-initial elementor-widget-tablet__width-inherit elementor-widget elementor-widget-text-editor\" data-id=\"bf7c5f9\" data-element_type=\"widget\" data-e-type=\"widget\" data-widget_type=\"text-editor.default\">\n\t\t\t\t\t\t\t\t\t<p>Textiles reciclados que encuentran un nuevo orden en la superposici\u00f3n.<\/p>\t\t\t\t\t\t\t\t<\/div>\n\t\t\t\t<\/div>\n\t\t\t\t<div class=\"elementor-element elementor-element-9f231b5 animated-slow elementor-invisible elementor-widget elementor-widget-image\" data-id=\"9f231b5\" data-element_type=\"widget\" data-e-type=\"widget\" data-settings=\"{&quot;_animation&quot;:&quot;fadeInRight&quot;}\" data-widget_type=\"image.default\">\n\t\t\t\t\t\t\t\t\t\t\t\t\t\t\t<img loading=\"lazy\" decoding=\"async\" width=\"2501\" height=\"2501\" src=\"https:\/\/lamateriaesencial.es\/wp-content\/uploads\/2026\/04\/TEXTIL-I-B-rotated.jpg\" class=\"attachment-full size-full wp-image-430\" alt=\"\" srcset=\"https:\/\/lamateriaesencial.es\/wp-content\/uploads\/2026\/04\/TEXTIL-I-B-rotated.jpg 2501w, https:\/\/lamateriaesencial.es\/wp-content\/uploads\/2026\/04\/TEXTIL-I-B-300x300.jpg 300w, https:\/\/lamateriaesencial.es\/wp-content\/uploads\/2026\/04\/TEXTIL-I-B-1024x1024.jpg 1024w, https:\/\/lamateriaesencial.es\/wp-content\/uploads\/2026\/04\/TEXTIL-I-B-150x150.jpg 150w, https:\/\/lamateriaesencial.es\/wp-content\/uploads\/2026\/04\/TEXTIL-I-B-768x768.jpg 768w, https:\/\/lamateriaesencial.es\/wp-content\/uploads\/2026\/04\/TEXTIL-I-B-1536x1536.jpg 1536w, https:\/\/lamateriaesencial.es\/wp-content\/uploads\/2026\/04\/TEXTIL-I-B-2048x2048.jpg 2048w, https:\/\/lamateriaesencial.es\/wp-content\/uploads\/2026\/04\/TEXTIL-I-B-12x12.jpg 12w\" sizes=\"(max-width: 2501px) 100vw, 2501px\" \/>\t\t\t\t\t\t\t\t\t\t\t\t\t\t\t<\/div>\n\t\t\t\t<\/div>\n\t\t\t\t<\/div>\n\t\t<div class=\"elementor-element elementor-element-8e6ae89 e-con-full e-flex e-con e-child\" data-id=\"8e6ae89\" data-element_type=\"container\" data-e-type=\"container\">\n\t\t<div class=\"elementor-element elementor-element-3336477 e-grid e-con-full e-con e-child\" data-id=\"3336477\" data-element_type=\"container\" data-e-type=\"container\">\n\t\t\t\t<div class=\"elementor-element elementor-element-8282eb3 animated-slow elementor-invisible elementor-widget elementor-widget-image\" data-id=\"8282eb3\" data-element_type=\"widget\" data-e-type=\"widget\" data-settings=\"{&quot;_animation&quot;:&quot;fadeInUp&quot;,&quot;_animation_delay&quot;:200}\" data-widget_type=\"image.default\">\n\t\t\t\t\t\t\t\t\t\t\t\t\t\t\t<img loading=\"lazy\" decoding=\"async\" width=\"2560\" height=\"2040\" src=\"https:\/\/lamateriaesencial.es\/wp-content\/uploads\/2026\/04\/TEXTIL-III-A-scaled.jpg\" class=\"attachment-full size-full wp-image-425\" alt=\"\" srcset=\"https:\/\/lamateriaesencial.es\/wp-content\/uploads\/2026\/04\/TEXTIL-III-A-scaled.jpg 2560w, https:\/\/lamateriaesencial.es\/wp-content\/uploads\/2026\/04\/TEXTIL-III-A-300x239.jpg 300w, https:\/\/lamateriaesencial.es\/wp-content\/uploads\/2026\/04\/TEXTIL-III-A-1024x816.jpg 1024w, https:\/\/lamateriaesencial.es\/wp-content\/uploads\/2026\/04\/TEXTIL-III-A-768x612.jpg 768w, https:\/\/lamateriaesencial.es\/wp-content\/uploads\/2026\/04\/TEXTIL-III-A-1536x1224.jpg 1536w, https:\/\/lamateriaesencial.es\/wp-content\/uploads\/2026\/04\/TEXTIL-III-A-2048x1632.jpg 2048w, https:\/\/lamateriaesencial.es\/wp-content\/uploads\/2026\/04\/TEXTIL-III-A-15x12.jpg 15w\" sizes=\"(max-width: 2560px) 100vw, 2560px\" \/>\t\t\t\t\t\t\t\t\t\t\t\t\t\t\t<\/div>\n\t\t\t\t<div class=\"elementor-element elementor-element-881ef58 animated-slow elementor-invisible elementor-widget elementor-widget-image\" data-id=\"881ef58\" data-element_type=\"widget\" data-e-type=\"widget\" data-settings=\"{&quot;_animation&quot;:&quot;fadeInUp&quot;,&quot;_animation_delay&quot;:300}\" data-widget_type=\"image.default\">\n\t\t\t\t\t\t\t\t\t\t\t\t\t\t\t<img loading=\"lazy\" decoding=\"async\" width=\"2560\" height=\"1920\" src=\"https:\/\/lamateriaesencial.es\/wp-content\/uploads\/2026\/04\/TEXTIL-III-B-scaled.jpg\" class=\"attachment-full size-full wp-image-429\" alt=\"\" srcset=\"https:\/\/lamateriaesencial.es\/wp-content\/uploads\/2026\/04\/TEXTIL-III-B-scaled.jpg 2560w, https:\/\/lamateriaesencial.es\/wp-content\/uploads\/2026\/04\/TEXTIL-III-B-300x225.jpg 300w, https:\/\/lamateriaesencial.es\/wp-content\/uploads\/2026\/04\/TEXTIL-III-B-1024x768.jpg 1024w, https:\/\/lamateriaesencial.es\/wp-content\/uploads\/2026\/04\/TEXTIL-III-B-768x576.jpg 768w, https:\/\/lamateriaesencial.es\/wp-content\/uploads\/2026\/04\/TEXTIL-III-B-1536x1152.jpg 1536w, https:\/\/lamateriaesencial.es\/wp-content\/uploads\/2026\/04\/TEXTIL-III-B-2048x1536.jpg 2048w, https:\/\/lamateriaesencial.es\/wp-content\/uploads\/2026\/04\/TEXTIL-III-B-16x12.jpg 16w\" sizes=\"(max-width: 2560px) 100vw, 2560px\" \/>\t\t\t\t\t\t\t\t\t\t\t\t\t\t\t<\/div>\n\t\t\t\t<\/div>\n\t\t\t\t<div class=\"elementor-element elementor-element-99c8d4b elementor-widget__width-initial elementor-widget-tablet__width-inherit elementor-widget elementor-widget-text-editor\" data-id=\"99c8d4b\" data-element_type=\"widget\" data-e-type=\"widget\" data-widget_type=\"text-editor.default\">\n\t\t\t\t\t\t\t\t\t<p>Pliegues que sustituyen al corte.<\/p>\t\t\t\t\t\t\t\t<\/div>\n\t\t\t\t<\/div>\n\t\t<div class=\"elementor-element elementor-element-b65cf14 e-grid e-con-full e-con e-child\" data-id=\"b65cf14\" data-element_type=\"container\" data-e-type=\"container\">\n\t\t<div class=\"elementor-element elementor-element-606e569 e-con-full animated-slow e-flex elementor-invisible e-con e-child\" data-id=\"606e569\" data-element_type=\"container\" data-e-type=\"container\" data-settings=\"{&quot;animation&quot;:&quot;fadeInLeft&quot;,&quot;animation_delay&quot;:300}\">\n\t\t\t\t<div class=\"elementor-element elementor-element-f239de7 elementor-widget__width-initial elementor-widget elementor-widget-image\" data-id=\"f239de7\" data-element_type=\"widget\" data-e-type=\"widget\" data-widget_type=\"image.default\">\n\t\t\t\t\t\t\t\t\t\t\t\t\t\t\t<img loading=\"lazy\" decoding=\"async\" width=\"2327\" height=\"2327\" src=\"https:\/\/lamateriaesencial.es\/wp-content\/uploads\/2026\/04\/textil-II-A.jpg\" class=\"attachment-full size-full wp-image-424\" alt=\"\" srcset=\"https:\/\/lamateriaesencial.es\/wp-content\/uploads\/2026\/04\/textil-II-A.jpg 2327w, https:\/\/lamateriaesencial.es\/wp-content\/uploads\/2026\/04\/textil-II-A-300x300.jpg 300w, https:\/\/lamateriaesencial.es\/wp-content\/uploads\/2026\/04\/textil-II-A-1024x1024.jpg 1024w, https:\/\/lamateriaesencial.es\/wp-content\/uploads\/2026\/04\/textil-II-A-150x150.jpg 150w, https:\/\/lamateriaesencial.es\/wp-content\/uploads\/2026\/04\/textil-II-A-768x768.jpg 768w, https:\/\/lamateriaesencial.es\/wp-content\/uploads\/2026\/04\/textil-II-A-1536x1536.jpg 1536w, https:\/\/lamateriaesencial.es\/wp-content\/uploads\/2026\/04\/textil-II-A-2048x2048.jpg 2048w, https:\/\/lamateriaesencial.es\/wp-content\/uploads\/2026\/04\/textil-II-A-12x12.jpg 12w\" sizes=\"(max-width: 2327px) 100vw, 2327px\" \/>\t\t\t\t\t\t\t\t\t\t\t\t\t\t\t<\/div>\n\t\t\t\t<\/div>\n\t\t<div class=\"elementor-element elementor-element-17c4f4e e-con-full e-flex e-con e-child\" data-id=\"17c4f4e\" data-element_type=\"container\" data-e-type=\"container\">\n\t\t\t\t<div class=\"elementor-element elementor-element-cc04fed elementor-widget__width-initial elementor-widget-tablet__width-inherit elementor-widget-laptop__width-initial elementor-widget elementor-widget-text-editor\" data-id=\"cc04fed\" data-element_type=\"widget\" data-e-type=\"widget\" data-widget_type=\"text-editor.default\">\n\t\t\t\t\t\t\t\t\t<p>Tramas superpuestas cuya acumulaci\u00f3n reemplaza al vac\u00edo.<\/p>\t\t\t\t\t\t\t\t<\/div>\n\t\t\t\t<\/div>\n\t\t\t\t<\/div>\n\t\t\t\t\t<\/div>\n\t\t\t\t<\/div>\n\t\t\t\t<\/div>","protected":false},"excerpt":{"rendered":"<p>TeXTiL Exploraci\u00f3n sobre las posibilidades de esta materia. Fragmentos que alguna vez fueron residuo o descarte. Textiles reciclados que encuentran un nuevo orden en la superposici\u00f3n. Pliegues que sustituyen al corte. Tramas superpuestas cuya acumulaci\u00f3n reemplaza al vac\u00edo.<\/p>","protected":false},"author":1,"featured_media":0,"parent":0,"menu_order":0,"comment_status":"closed","ping_status":"closed","template":"elementor_header_footer","meta":{"_acf_changed":false,"footnotes":""},"class_list":["post-414","page","type-page","status-publish","hentry"],"acf":[],"_links":{"self":[{"href":"https:\/\/lamateriaesencial.es\/en\/wp-json\/wp\/v2\/pages\/414","targetHints":{"allow":["GET"]}}],"collection":[{"href":"https:\/\/lamateriaesencial.es\/en\/wp-json\/wp\/v2\/pages"}],"about":[{"href":"https:\/\/lamateriaesencial.es\/en\/wp-json\/wp\/v2\/types\/page"}],"author":[{"embeddable":true,"href":"https:\/\/lamateriaesencial.es\/en\/wp-json\/wp\/v2\/users\/1"}],"replies":[{"embeddable":true,"href":"https:\/\/lamateriaesencial.es\/en\/wp-json\/wp\/v2\/comments?post=414"}],"version-history":[{"count":13,"href":"https:\/\/lamateriaesencial.es\/en\/wp-json\/wp\/v2\/pages\/414\/revisions"}],"predecessor-version":[{"id":612,"href":"https:\/\/lamateriaesencial.es\/en\/wp-json\/wp\/v2\/pages\/414\/revisions\/612"}],"wp:attachment":[{"href":"https:\/\/lamateriaesencial.es\/en\/wp-json\/wp\/v2\/media?parent=414"}],"curies":[{"name":"wp","href":"https:\/\/api.w.org\/{rel}","templated":true}]}}