{"id":334,"date":"2026-03-11T13:03:47","date_gmt":"2026-03-11T13:03:47","guid":{"rendered":"https:\/\/lamateriaesencial.es\/?page_id=334"},"modified":"2026-04-21T13:10:30","modified_gmt":"2026-04-21T13:10:30","slug":"cuerdas","status":"publish","type":"page","link":"https:\/\/lamateriaesencial.es\/en\/cuerdas\/","title":{"rendered":"Cuerdas"},"content":{"rendered":"<div data-elementor-type=\"wp-page\" data-elementor-id=\"334\" class=\"elementor elementor-334\" data-elementor-post-type=\"page\">\n\t\t\t\t<div class=\"elementor-element elementor-element-3b793dc e-flex e-con-boxed e-con e-parent\" data-id=\"3b793dc\" data-element_type=\"container\" data-e-type=\"container\">\n\t\t\t\t\t<div class=\"e-con-inner\">\n\t\t<div class=\"elementor-element elementor-element-9ad7216 e-grid e-con-full e-con e-child\" data-id=\"9ad7216\" data-element_type=\"container\" data-e-type=\"container\">\n\t\t<div class=\"elementor-element elementor-element-51d0162 e-con-full e-flex e-con e-child\" data-id=\"51d0162\" data-element_type=\"container\" data-e-type=\"container\">\n\t\t\t\t<div class=\"elementor-element elementor-element-d9764b4 animated-slow elementor-invisible elementor-widget elementor-widget-image\" data-id=\"d9764b4\" data-element_type=\"widget\" data-e-type=\"widget\" data-settings=\"{&quot;_animation&quot;:&quot;fadeInLeft&quot;}\" data-widget_type=\"image.default\">\n\t\t\t\t\t\t\t\t\t\t\t\t\t\t\t<img fetchpriority=\"high\" decoding=\"async\" width=\"1802\" height=\"1802\" src=\"https:\/\/lamateriaesencial.es\/wp-content\/uploads\/2026\/03\/IMG_4559.jpg\" class=\"attachment-full size-full wp-image-327\" alt=\"\" srcset=\"https:\/\/lamateriaesencial.es\/wp-content\/uploads\/2026\/03\/IMG_4559.jpg 1802w, https:\/\/lamateriaesencial.es\/wp-content\/uploads\/2026\/03\/IMG_4559-300x300.jpg 300w, https:\/\/lamateriaesencial.es\/wp-content\/uploads\/2026\/03\/IMG_4559-1024x1024.jpg 1024w, https:\/\/lamateriaesencial.es\/wp-content\/uploads\/2026\/03\/IMG_4559-150x150.jpg 150w, https:\/\/lamateriaesencial.es\/wp-content\/uploads\/2026\/03\/IMG_4559-768x768.jpg 768w, https:\/\/lamateriaesencial.es\/wp-content\/uploads\/2026\/03\/IMG_4559-1536x1536.jpg 1536w, https:\/\/lamateriaesencial.es\/wp-content\/uploads\/2026\/03\/IMG_4559-12x12.jpg 12w\" sizes=\"(max-width: 1802px) 100vw, 1802px\" \/>\t\t\t\t\t\t\t\t\t\t\t\t\t\t\t<\/div>\n\t\t\t\t<\/div>\n\t\t<div class=\"elementor-element elementor-element-0a95050 e-con-full e-flex e-con e-child\" data-id=\"0a95050\" data-element_type=\"container\" data-e-type=\"container\">\n\t\t\t\t<div class=\"elementor-element elementor-element-1f31ff1 elementor-widget elementor-widget-heading\" data-id=\"1f31ff1\" data-element_type=\"widget\" data-e-type=\"widget\" data-widget_type=\"heading.default\">\n\t\t\t\t\t<h1 class=\"elementor-heading-title elementor-size-default\">CuErDAs\n<\/h1>\t\t\t\t<\/div>\n\t\t\t\t<\/div>\n\t\t\t\t<\/div>\n\t\t<div class=\"elementor-element elementor-element-f7bae5b e-grid e-con-full e-con e-child\" data-id=\"f7bae5b\" data-element_type=\"container\" data-e-type=\"container\">\n\t\t<div class=\"elementor-element elementor-element-c858d62 e-con-full animated-slow e-flex elementor-invisible e-con e-child\" data-id=\"c858d62\" data-element_type=\"container\" data-e-type=\"container\" data-settings=\"{&quot;animation&quot;:&quot;fadeInLeft&quot;,&quot;animation_delay&quot;:300}\">\n\t\t\t\t<div class=\"elementor-element elementor-element-e20899a elementor-widget__width-initial elementor-widget elementor-widget-image\" data-id=\"e20899a\" data-element_type=\"widget\" data-e-type=\"widget\" data-widget_type=\"image.default\">\n\t\t\t\t\t\t\t\t\t\t\t\t\t\t\t<img decoding=\"async\" width=\"2431\" height=\"2470\" src=\"https:\/\/lamateriaesencial.es\/wp-content\/uploads\/2026\/03\/IMG_4463-EDITADA.jpg\" class=\"attachment-full size-full wp-image-324\" alt=\"\" srcset=\"https:\/\/lamateriaesencial.es\/wp-content\/uploads\/2026\/03\/IMG_4463-EDITADA.jpg 2431w, https:\/\/lamateriaesencial.es\/wp-content\/uploads\/2026\/03\/IMG_4463-EDITADA-295x300.jpg 295w, https:\/\/lamateriaesencial.es\/wp-content\/uploads\/2026\/03\/IMG_4463-EDITADA-1008x1024.jpg 1008w, https:\/\/lamateriaesencial.es\/wp-content\/uploads\/2026\/03\/IMG_4463-EDITADA-768x780.jpg 768w, https:\/\/lamateriaesencial.es\/wp-content\/uploads\/2026\/03\/IMG_4463-EDITADA-1512x1536.jpg 1512w, https:\/\/lamateriaesencial.es\/wp-content\/uploads\/2026\/03\/IMG_4463-EDITADA-2016x2048.jpg 2016w, https:\/\/lamateriaesencial.es\/wp-content\/uploads\/2026\/03\/IMG_4463-EDITADA-12x12.jpg 12w\" sizes=\"(max-width: 2431px) 100vw, 2431px\" \/>\t\t\t\t\t\t\t\t\t\t\t\t\t\t\t<\/div>\n\t\t\t\t<\/div>\n\t\t<div class=\"elementor-element elementor-element-ce96411 e-con-full e-flex e-con e-child\" data-id=\"ce96411\" data-element_type=\"container\" data-e-type=\"container\">\n\t\t\t\t<div class=\"elementor-element elementor-element-d5ec4d1 elementor-widget__width-initial elementor-widget-tablet__width-inherit elementor-widget elementor-widget-text-editor\" data-id=\"d5ec4d1\" data-element_type=\"widget\" data-e-type=\"widget\" data-widget_type=\"text-editor.default\">\n\t\t\t\t\t\t\t\t\t<p>Exploraci\u00f3n sobre la repetici\u00f3n como estructura y como gesto. Peque\u00f1as variaciones dentro de un orden aparentemente estable.\u00a0<\/p>\t\t\t\t\t\t\t\t<\/div>\n\t\t\t\t<\/div>\n\t\t\t\t<\/div>\n\t\t<div class=\"elementor-element elementor-element-2ceac7c e-con-full e-flex e-con e-child\" data-id=\"2ceac7c\" data-element_type=\"container\" data-e-type=\"container\">\n\t\t<div class=\"elementor-element elementor-element-b1d7c8c e-grid e-con-full e-con e-child\" data-id=\"b1d7c8c\" data-element_type=\"container\" data-e-type=\"container\">\n\t\t\t\t<div class=\"elementor-element elementor-element-90bb79b animated-slow elementor-invisible elementor-widget elementor-widget-image\" data-id=\"90bb79b\" data-element_type=\"widget\" data-e-type=\"widget\" data-settings=\"{&quot;_animation&quot;:&quot;fadeInUp&quot;,&quot;_animation_delay&quot;:200}\" data-widget_type=\"image.default\">\n\t\t\t\t\t\t\t\t\t\t\t\t\t\t\t<img decoding=\"async\" width=\"1955\" height=\"1955\" src=\"https:\/\/lamateriaesencial.es\/wp-content\/uploads\/2026\/03\/IMG_4558.jpg\" class=\"attachment-full size-full wp-image-328\" alt=\"\" srcset=\"https:\/\/lamateriaesencial.es\/wp-content\/uploads\/2026\/03\/IMG_4558.jpg 1955w, https:\/\/lamateriaesencial.es\/wp-content\/uploads\/2026\/03\/IMG_4558-300x300.jpg 300w, https:\/\/lamateriaesencial.es\/wp-content\/uploads\/2026\/03\/IMG_4558-1024x1024.jpg 1024w, https:\/\/lamateriaesencial.es\/wp-content\/uploads\/2026\/03\/IMG_4558-150x150.jpg 150w, https:\/\/lamateriaesencial.es\/wp-content\/uploads\/2026\/03\/IMG_4558-768x768.jpg 768w, https:\/\/lamateriaesencial.es\/wp-content\/uploads\/2026\/03\/IMG_4558-1536x1536.jpg 1536w, https:\/\/lamateriaesencial.es\/wp-content\/uploads\/2026\/03\/IMG_4558-12x12.jpg 12w\" sizes=\"(max-width: 1955px) 100vw, 1955px\" \/>\t\t\t\t\t\t\t\t\t\t\t\t\t\t\t<\/div>\n\t\t\t\t<div class=\"elementor-element elementor-element-f3f6272 animated-slow elementor-invisible elementor-widget elementor-widget-image\" data-id=\"f3f6272\" data-element_type=\"widget\" data-e-type=\"widget\" data-settings=\"{&quot;_animation&quot;:&quot;fadeInUp&quot;,&quot;_animation_delay&quot;:300}\" data-widget_type=\"image.default\">\n\t\t\t\t\t\t\t\t\t\t\t\t\t\t\t<img loading=\"lazy\" decoding=\"async\" width=\"2560\" height=\"2560\" src=\"https:\/\/lamateriaesencial.es\/wp-content\/uploads\/2026\/03\/IMG_4756-scaled.jpg\" class=\"attachment-full size-full wp-image-321\" alt=\"\" srcset=\"https:\/\/lamateriaesencial.es\/wp-content\/uploads\/2026\/03\/IMG_4756-scaled.jpg 2560w, https:\/\/lamateriaesencial.es\/wp-content\/uploads\/2026\/03\/IMG_4756-300x300.jpg 300w, https:\/\/lamateriaesencial.es\/wp-content\/uploads\/2026\/03\/IMG_4756-1024x1024.jpg 1024w, https:\/\/lamateriaesencial.es\/wp-content\/uploads\/2026\/03\/IMG_4756-150x150.jpg 150w, https:\/\/lamateriaesencial.es\/wp-content\/uploads\/2026\/03\/IMG_4756-768x768.jpg 768w, https:\/\/lamateriaesencial.es\/wp-content\/uploads\/2026\/03\/IMG_4756-1536x1536.jpg 1536w, https:\/\/lamateriaesencial.es\/wp-content\/uploads\/2026\/03\/IMG_4756-2048x2048.jpg 2048w, https:\/\/lamateriaesencial.es\/wp-content\/uploads\/2026\/03\/IMG_4756-12x12.jpg 12w\" sizes=\"(max-width: 2560px) 100vw, 2560px\" \/>\t\t\t\t\t\t\t\t\t\t\t\t\t\t\t<\/div>\n\t\t\t\t<\/div>\n\t\t\t\t<div class=\"elementor-element elementor-element-62b1e6a elementor-widget__width-initial elementor-widget-tablet__width-inherit elementor-widget elementor-widget-text-editor\" data-id=\"62b1e6a\" data-element_type=\"widget\" data-e-type=\"widget\" data-widget_type=\"text-editor.default\">\n\t\t\t\t\t\t\t\t\t<p>Una estructura seriada de cuerdas sobre fondos monocromos.<\/p>\t\t\t\t\t\t\t\t<\/div>\n\t\t\t\t<\/div>\n\t\t<div class=\"elementor-element elementor-element-15c7c56 e-con-full e-flex e-con e-child\" data-id=\"15c7c56\" data-element_type=\"container\" data-e-type=\"container\">\n\t\t<div class=\"elementor-element elementor-element-00854d4 e-grid e-con-full e-con e-child\" data-id=\"00854d4\" data-element_type=\"container\" data-e-type=\"container\">\n\t\t<div class=\"elementor-element elementor-element-cdb1642 e-con-full e-flex e-con e-child\" data-id=\"cdb1642\" data-element_type=\"container\" data-e-type=\"container\">\n\t\t\t\t<div class=\"elementor-element elementor-element-148c462 elementor-widget__width-initial elementor-widget-tablet__width-inherit elementor-widget elementor-widget-text-editor\" data-id=\"148c462\" data-element_type=\"widget\" data-e-type=\"widget\" data-widget_type=\"text-editor.default\">\n\t\t\t\t\t\t\t\t\t<p>Cosidos que construyen un sistema visual enfatizando la figura sobre el fondo.<\/p>\t\t\t\t\t\t\t\t<\/div>\n\t\t\t\t<\/div>\n\t\t\t\t<div class=\"elementor-element elementor-element-928e91e animated-slow elementor-invisible elementor-widget elementor-widget-image\" data-id=\"928e91e\" data-element_type=\"widget\" data-e-type=\"widget\" data-settings=\"{&quot;_animation&quot;:&quot;fadeInRight&quot;}\" data-widget_type=\"image.default\">\n\t\t\t\t\t\t\t\t\t\t\t\t\t\t\t<img loading=\"lazy\" decoding=\"async\" width=\"2558\" height=\"2064\" src=\"https:\/\/lamateriaesencial.es\/wp-content\/uploads\/2026\/03\/IMG_4704.jpg\" class=\"attachment-full size-full wp-image-322\" alt=\"\" srcset=\"https:\/\/lamateriaesencial.es\/wp-content\/uploads\/2026\/03\/IMG_4704.jpg 2558w, https:\/\/lamateriaesencial.es\/wp-content\/uploads\/2026\/03\/IMG_4704-300x242.jpg 300w, https:\/\/lamateriaesencial.es\/wp-content\/uploads\/2026\/03\/IMG_4704-1024x826.jpg 1024w, https:\/\/lamateriaesencial.es\/wp-content\/uploads\/2026\/03\/IMG_4704-768x620.jpg 768w, https:\/\/lamateriaesencial.es\/wp-content\/uploads\/2026\/03\/IMG_4704-1536x1239.jpg 1536w, https:\/\/lamateriaesencial.es\/wp-content\/uploads\/2026\/03\/IMG_4704-2048x1652.jpg 2048w, https:\/\/lamateriaesencial.es\/wp-content\/uploads\/2026\/03\/IMG_4704-15x12.jpg 15w\" sizes=\"(max-width: 2558px) 100vw, 2558px\" \/>\t\t\t\t\t\t\t\t\t\t\t\t\t\t\t<\/div>\n\t\t\t\t<\/div>\n\t\t\t\t<\/div>\n\t\t<div class=\"elementor-element elementor-element-ae484e7 e-con-full e-flex e-con e-child\" data-id=\"ae484e7\" data-element_type=\"container\" data-e-type=\"container\">\n\t\t<div class=\"elementor-element elementor-element-c45ab52 e-grid e-con-full e-con e-child\" data-id=\"c45ab52\" data-element_type=\"container\" data-e-type=\"container\">\n\t\t\t\t<div class=\"elementor-element elementor-element-41d64c9 animated-slow elementor-invisible elementor-widget elementor-widget-image\" data-id=\"41d64c9\" data-element_type=\"widget\" data-e-type=\"widget\" data-settings=\"{&quot;_animation&quot;:&quot;fadeInUp&quot;,&quot;_animation_delay&quot;:200}\" data-widget_type=\"image.default\">\n\t\t\t\t\t\t\t\t\t\t\t\t\t\t\t<img loading=\"lazy\" decoding=\"async\" width=\"2504\" height=\"2504\" src=\"https:\/\/lamateriaesencial.es\/wp-content\/uploads\/2026\/03\/IMG_4548.jpg\" class=\"attachment-full size-full wp-image-326\" alt=\"\" srcset=\"https:\/\/lamateriaesencial.es\/wp-content\/uploads\/2026\/03\/IMG_4548.jpg 2504w, https:\/\/lamateriaesencial.es\/wp-content\/uploads\/2026\/03\/IMG_4548-300x300.jpg 300w, https:\/\/lamateriaesencial.es\/wp-content\/uploads\/2026\/03\/IMG_4548-1024x1024.jpg 1024w, https:\/\/lamateriaesencial.es\/wp-content\/uploads\/2026\/03\/IMG_4548-150x150.jpg 150w, https:\/\/lamateriaesencial.es\/wp-content\/uploads\/2026\/03\/IMG_4548-768x768.jpg 768w, https:\/\/lamateriaesencial.es\/wp-content\/uploads\/2026\/03\/IMG_4548-1536x1536.jpg 1536w, https:\/\/lamateriaesencial.es\/wp-content\/uploads\/2026\/03\/IMG_4548-2048x2048.jpg 2048w, https:\/\/lamateriaesencial.es\/wp-content\/uploads\/2026\/03\/IMG_4548-12x12.jpg 12w\" sizes=\"(max-width: 2504px) 100vw, 2504px\" \/>\t\t\t\t\t\t\t\t\t\t\t\t\t\t\t<\/div>\n\t\t\t\t<div class=\"elementor-element elementor-element-44a5b57 animated-slow elementor-invisible elementor-widget elementor-widget-image\" data-id=\"44a5b57\" data-element_type=\"widget\" data-e-type=\"widget\" data-settings=\"{&quot;_animation&quot;:&quot;fadeInUp&quot;,&quot;_animation_delay&quot;:300}\" data-widget_type=\"image.default\">\n\t\t\t\t\t\t\t\t\t\t\t\t\t\t\t<img loading=\"lazy\" decoding=\"async\" width=\"1988\" height=\"1988\" src=\"https:\/\/lamateriaesencial.es\/wp-content\/uploads\/2026\/03\/IMG_E4506-I.jpg\" class=\"attachment-full size-full wp-image-329\" alt=\"\" srcset=\"https:\/\/lamateriaesencial.es\/wp-content\/uploads\/2026\/03\/IMG_E4506-I.jpg 1988w, https:\/\/lamateriaesencial.es\/wp-content\/uploads\/2026\/03\/IMG_E4506-I-300x300.jpg 300w, https:\/\/lamateriaesencial.es\/wp-content\/uploads\/2026\/03\/IMG_E4506-I-1024x1024.jpg 1024w, https:\/\/lamateriaesencial.es\/wp-content\/uploads\/2026\/03\/IMG_E4506-I-150x150.jpg 150w, https:\/\/lamateriaesencial.es\/wp-content\/uploads\/2026\/03\/IMG_E4506-I-768x768.jpg 768w, https:\/\/lamateriaesencial.es\/wp-content\/uploads\/2026\/03\/IMG_E4506-I-1536x1536.jpg 1536w, https:\/\/lamateriaesencial.es\/wp-content\/uploads\/2026\/03\/IMG_E4506-I-12x12.jpg 12w\" sizes=\"(max-width: 1988px) 100vw, 1988px\" \/>\t\t\t\t\t\t\t\t\t\t\t\t\t\t\t<\/div>\n\t\t\t\t<\/div>\n\t\t\t\t<div class=\"elementor-element elementor-element-66b0634 elementor-widget__width-initial elementor-widget-tablet__width-inherit elementor-widget elementor-widget-text-editor\" data-id=\"66b0634\" data-element_type=\"widget\" data-e-type=\"widget\" data-widget_type=\"text-editor.default\">\n\t\t\t\t\t\t\t\t\t<p>Activaci\u00f3n de la tensi\u00f3n entre presencia y vac\u00edo.<\/p>\t\t\t\t\t\t\t\t<\/div>\n\t\t\t\t<\/div>\n\t\t<div class=\"elementor-element elementor-element-90f3c6c e-grid e-con-full e-con e-child\" data-id=\"90f3c6c\" data-element_type=\"container\" data-e-type=\"container\">\n\t\t<div class=\"elementor-element elementor-element-0dcd38d e-con-full animated-slow e-flex elementor-invisible e-con e-child\" data-id=\"0dcd38d\" data-element_type=\"container\" data-e-type=\"container\" data-settings=\"{&quot;animation&quot;:&quot;fadeInLeft&quot;,&quot;animation_delay&quot;:300}\">\n\t\t\t\t<div class=\"elementor-element elementor-element-f16592d elementor-widget__width-initial elementor-widget elementor-widget-image\" data-id=\"f16592d\" data-element_type=\"widget\" data-e-type=\"widget\" data-widget_type=\"image.default\">\n\t\t\t\t\t\t\t\t\t\t\t\t\t\t\t<img loading=\"lazy\" decoding=\"async\" width=\"680\" height=\"542\" src=\"https:\/\/lamateriaesencial.es\/wp-content\/uploads\/2025\/12\/image-10.png\" class=\"attachment-full size-full wp-image-36\" alt=\"\" srcset=\"https:\/\/lamateriaesencial.es\/wp-content\/uploads\/2025\/12\/image-10.png 680w, https:\/\/lamateriaesencial.es\/wp-content\/uploads\/2025\/12\/image-10-300x239.png 300w\" sizes=\"(max-width: 680px) 100vw, 680px\" \/>\t\t\t\t\t\t\t\t\t\t\t\t\t\t\t<\/div>\n\t\t\t\t<\/div>\n\t\t<div class=\"elementor-element elementor-element-0ad1aba e-con-full e-flex e-con e-child\" data-id=\"0ad1aba\" data-element_type=\"container\" data-e-type=\"container\">\n\t\t\t\t<div class=\"elementor-element elementor-element-adffacd elementor-widget__width-initial elementor-widget-tablet__width-inherit elementor-widget elementor-widget-text-editor\" data-id=\"adffacd\" data-element_type=\"widget\" data-e-type=\"widget\" data-widget_type=\"text-editor.default\">\n\t\t\t\t\t\t\t\t\t<p>Unidades similares, pero nunca id\u00e9nticas. Repetici\u00f3n, ritmo, escritura\u2026\u2026\u2026..<\/p>\t\t\t\t\t\t\t\t<\/div>\n\t\t\t\t<\/div>\n\t\t\t\t<\/div>\n\t\t\t\t\t<\/div>\n\t\t\t\t<\/div>\n\t\t\t\t<\/div>","protected":false},"excerpt":{"rendered":"<p>CuErDAs Exploraci\u00f3n sobre la repetici\u00f3n como estructura y como gesto. Peque\u00f1as variaciones dentro de un orden aparentemente estable.\u00a0 Una estructura seriada de cuerdas sobre fondos monocromos. Cosidos que construyen un sistema visual enfatizando la figura sobre el fondo. Activaci\u00f3n de la tensi\u00f3n entre presencia y vac\u00edo. Unidades similares, pero nunca id\u00e9nticas. Repetici\u00f3n, ritmo, escritura\u2026\u2026\u2026..<\/p>","protected":false},"author":1,"featured_media":0,"parent":0,"menu_order":0,"comment_status":"closed","ping_status":"closed","template":"","meta":{"_acf_changed":false,"footnotes":""},"class_list":["post-334","page","type-page","status-publish","hentry"],"acf":[],"_links":{"self":[{"href":"https:\/\/lamateriaesencial.es\/en\/wp-json\/wp\/v2\/pages\/334","targetHints":{"allow":["GET"]}}],"collection":[{"href":"https:\/\/lamateriaesencial.es\/en\/wp-json\/wp\/v2\/pages"}],"about":[{"href":"https:\/\/lamateriaesencial.es\/en\/wp-json\/wp\/v2\/types\/page"}],"author":[{"embeddable":true,"href":"https:\/\/lamateriaesencial.es\/en\/wp-json\/wp\/v2\/users\/1"}],"replies":[{"embeddable":true,"href":"https:\/\/lamateriaesencial.es\/en\/wp-json\/wp\/v2\/comments?post=334"}],"version-history":[{"count":14,"href":"https:\/\/lamateriaesencial.es\/en\/wp-json\/wp\/v2\/pages\/334\/revisions"}],"predecessor-version":[{"id":606,"href":"https:\/\/lamateriaesencial.es\/en\/wp-json\/wp\/v2\/pages\/334\/revisions\/606"}],"wp:attachment":[{"href":"https:\/\/lamateriaesencial.es\/en\/wp-json\/wp\/v2\/media?parent=334"}],"curies":[{"name":"wp","href":"https:\/\/api.w.org\/{rel}","templated":true}]}}